{"id":22,"date":"2013-10-19T19:39:19","date_gmt":"2013-10-19T18:39:19","guid":{"rendered":"http:\/\/www.seminarhaus-waldmatt.de\/?page_id=22"},"modified":"2016-12-02T22:17:32","modified_gmt":"2016-12-02T21:17:32","slug":"seminarangebote","status":"publish","type":"page","link":"http:\/\/www.seminarhaus-waldmatt.de\/?page_id=22","title":{"rendered":"Seminarangebote"},"content":{"rendered":"<p><b><a href=\"http:\/\/www.seminarhaus-waldmatt.de\/wp-content\/uploads\/2013\/10\/sitzkissen.jpg\"><img loading=\"lazy\" decoding=\"async\" class=\"alignleft size-full wp-image-61\" src=\"http:\/\/www.seminarhaus-waldmatt.de\/wp-content\/uploads\/2013\/10\/sitzkissen.jpg\" alt=\"sitzkissen\" width=\"500\" height=\"451\" srcset=\"http:\/\/www.seminarhaus-waldmatt.de\/wp-content\/uploads\/2013\/10\/sitzkissen.jpg 500w, http:\/\/www.seminarhaus-waldmatt.de\/wp-content\/uploads\/2013\/10\/sitzkissen-300x270.jpg 300w\" sizes=\"auto, (max-width: 500px) 100vw, 500px\" \/><\/a>Seminarangebote\/Kurse: <\/b><br \/>\nBreema \u2013 K\u00f6rperarbeit,<br \/>\nRosen-Methode K\u00f6rperarbeit,<br \/>\nRosen-Methode Movement,<br \/>\nTai-Chi<br \/>\nFeldenkrais<\/p>\n<p><b>Einzelarbeit<\/b>:<br \/>\nBreema,<br \/>\nRosen-Methode K\u00f6rperarbeit,<br \/>\nHypnotherapie<\/p>\n<p>&nbsp;<\/p>\n<p>Bei Kursanmeldung wird Ihnen eine Liste der Unterbringungsm\u00f6glichkeiten zugesandt.<\/p>\n","protected":false},"excerpt":{"rendered":"<p>Seminarangebote\/Kurse: Breema \u2013 K\u00f6rperarbeit, Rosen-Methode K\u00f6rperarbeit, Rosen-Methode Movement, Tai-Chi Feldenkrais Einzelarbeit: Breema, Rosen-Methode K\u00f6rperarbeit, Hypnotherapie [&hellip;]<\/p>\n","protected":false},"author":1,"featured_media":0,"parent":0,"menu_order":0,"comment_status":"closed","ping_status":"closed","template":"","meta":{"footnotes":""},"class_list":["post-22","page","type-page","status-publish","hentry"],"_links":{"self":[{"href":"http:\/\/www.seminarhaus-waldmatt.de\/index.php?rest_route=\/wp\/v2\/pages\/22","targetHints":{"allow":["GET"]}}],"collection":[{"href":"http:\/\/www.seminarhaus-waldmatt.de\/index.php?rest_route=\/wp\/v2\/pages"}],"about":[{"href":"http:\/\/www.seminarhaus-waldmatt.de\/index.php?rest_route=\/wp\/v2\/types\/page"}],"author":[{"embeddable":true,"href":"http:\/\/www.seminarhaus-waldmatt.de\/index.php?rest_route=\/wp\/v2\/users\/1"}],"replies":[{"embeddable":true,"href":"http:\/\/www.seminarhaus-waldmatt.de\/index.php?rest_route=%2Fwp%2Fv2%2Fcomments&post=22"}],"version-history":[{"count":6,"href":"http:\/\/www.seminarhaus-waldmatt.de\/index.php?rest_route=\/wp\/v2\/pages\/22\/revisions"}],"predecessor-version":[{"id":158,"href":"http:\/\/www.seminarhaus-waldmatt.de\/index.php?rest_route=\/wp\/v2\/pages\/22\/revisions\/158"}],"wp:attachment":[{"href":"http:\/\/www.seminarhaus-waldmatt.de\/index.php?rest_route=%2Fwp%2Fv2%2Fmedia&parent=22"}],"curies":[{"name":"wp","href":"https:\/\/api.w.org\/{rel}","templated":true}]}}