{"id":18,"date":"2013-10-19T19:37:50","date_gmt":"2013-10-19T18:37:50","guid":{"rendered":"http:\/\/www.seminarhaus-waldmatt.de\/?page_id=18"},"modified":"2013-10-30T20:42:44","modified_gmt":"2013-10-30T19:42:44","slug":"umgebung","status":"publish","type":"page","link":"http:\/\/www.seminarhaus-waldmatt.de\/?page_id=18","title":{"rendered":"Umgebung"},"content":{"rendered":"<p><a href=\"http:\/\/www.seminarhaus-waldmatt.de\/wp-content\/uploads\/2013\/10\/wanderweg.jpg\"><img loading=\"lazy\" decoding=\"async\" class=\"alignleft size-full wp-image-90\" alt=\"wanderweg\" src=\"http:\/\/www.seminarhaus-waldmatt.de\/wp-content\/uploads\/2013\/10\/wanderweg.jpg\" width=\"500\" height=\"281\" srcset=\"http:\/\/www.seminarhaus-waldmatt.de\/wp-content\/uploads\/2013\/10\/wanderweg.jpg 500w, http:\/\/www.seminarhaus-waldmatt.de\/wp-content\/uploads\/2013\/10\/wanderweg-300x168.jpg 300w\" sizes=\"auto, (max-width: 500px) 100vw, 500px\" \/><\/a><\/p>\n<p><a href=\"http:\/\/www.seminarhaus-waldmatt.de\/wp-content\/uploads\/2013\/10\/natur1_5001.jpg\"><img loading=\"lazy\" decoding=\"async\" class=\"alignleft size-full wp-image-128\" alt=\"natur1_500\" src=\"http:\/\/www.seminarhaus-waldmatt.de\/wp-content\/uploads\/2013\/10\/natur1_5001.jpg\" width=\"500\" height=\"270\" srcset=\"http:\/\/www.seminarhaus-waldmatt.de\/wp-content\/uploads\/2013\/10\/natur1_5001.jpg 500w, http:\/\/www.seminarhaus-waldmatt.de\/wp-content\/uploads\/2013\/10\/natur1_5001-300x162.jpg 300w\" sizes=\"auto, (max-width: 500px) 100vw, 500px\" \/><\/a><\/p>\n<p>Das nahe gelegene weltber\u00fchmte Baden-Baden hat neben der Therme auch viele kulturelle Angebote: Genannt seien das Festspielhaus,<br \/>\ndas Theater, Museen und Galerien. Die Stadt und der herrliche Park laden ein zum Flanieren und zu Mu\u00dfestunden in den vielen Stra\u00dfen-Cafes oder im alten Schloss. Mit dem Auto gelangt man in wenigen Minuten zu dem in 1000 m H\u00f6he gelegenen Mummelsee und findet auch dort weitere M\u00f6glichkeiten zum Wandern oder Skifahren. Zahlreiche Skilifte und Loipen sind innerhalb von 15 Autominuten zu erreichen.<\/p>\n<p>Im Sommer laden sch\u00f6ne klare Badeseen zum Schwimmen ein.<\/p>\n<p>&nbsp;<\/p>\n<p><a href=\"http:\/\/www.seminarhaus-waldmatt.de\/wp-content\/uploads\/2013\/10\/natur21.jpg\"><img loading=\"lazy\" decoding=\"async\" class=\"alignnone size-full wp-image-126\" alt=\"natur2\" src=\"http:\/\/www.seminarhaus-waldmatt.de\/wp-content\/uploads\/2013\/10\/natur21.jpg\" width=\"500\" height=\"195\" srcset=\"http:\/\/www.seminarhaus-waldmatt.de\/wp-content\/uploads\/2013\/10\/natur21.jpg 500w, http:\/\/www.seminarhaus-waldmatt.de\/wp-content\/uploads\/2013\/10\/natur21-300x117.jpg 300w\" sizes=\"auto, (max-width: 500px) 100vw, 500px\" \/><\/a><\/p>\n","protected":false},"excerpt":{"rendered":"<p>Das nahe gelegene weltber\u00fchmte Baden-Baden hat neben der Therme auch viele kulturelle Angebote: Genannt seien [&hellip;]<\/p>\n","protected":false},"author":1,"featured_media":0,"parent":0,"menu_order":0,"comment_status":"closed","ping_status":"closed","template":"","meta":{"footnotes":""},"class_list":["post-18","page","type-page","status-publish","hentry"],"_links":{"self":[{"href":"http:\/\/www.seminarhaus-waldmatt.de\/index.php?rest_route=\/wp\/v2\/pages\/18","targetHints":{"allow":["GET"]}}],"collection":[{"href":"http:\/\/www.seminarhaus-waldmatt.de\/index.php?rest_route=\/wp\/v2\/pages"}],"about":[{"href":"http:\/\/www.seminarhaus-waldmatt.de\/index.php?rest_route=\/wp\/v2\/types\/page"}],"author":[{"embeddable":true,"href":"http:\/\/www.seminarhaus-waldmatt.de\/index.php?rest_route=\/wp\/v2\/users\/1"}],"replies":[{"embeddable":true,"href":"http:\/\/www.seminarhaus-waldmatt.de\/index.php?rest_route=%2Fwp%2Fv2%2Fcomments&post=18"}],"version-history":[{"count":12,"href":"http:\/\/www.seminarhaus-waldmatt.de\/index.php?rest_route=\/wp\/v2\/pages\/18\/revisions"}],"predecessor-version":[{"id":131,"href":"http:\/\/www.seminarhaus-waldmatt.de\/index.php?rest_route=\/wp\/v2\/pages\/18\/revisions\/131"}],"wp:attachment":[{"href":"http:\/\/www.seminarhaus-waldmatt.de\/index.php?rest_route=%2Fwp%2Fv2%2Fmedia&parent=18"}],"curies":[{"name":"wp","href":"https:\/\/api.w.org\/{rel}","templated":true}]}}